{"id":460,"date":"2023-05-10T09:42:51","date_gmt":"2023-05-10T09:42:51","guid":{"rendered":"http:\/\/localhost:10164\/?page_id=460"},"modified":"2023-09-21T11:52:44","modified_gmt":"2023-09-21T11:52:44","slug":"aandeelhouderschap","status":"publish","type":"page","link":"https:\/\/sdm.nl\/en\/wat-we-doen\/aandeelhouderschap\/","title":{"rendered":"Shareholdership"},"content":{"rendered":"<section class=\"cover cover-single coverimage bg-light-blue py-12 bg-light-blue\">   \n\n\n   \n\n   <div class=\"imagecontainer\">\n      <img loading=\"lazy\" decoding=\"async\" width=\"1311\" height=\"737\" src=\"https:\/\/sdm.nl\/wp-content\/uploads\/2023\/06\/foto-header-aandeelhouderschap-pagina.jpg\" class=\"image wp-post-image\" alt=\"\" srcset=\"https:\/\/sdm.nl\/wp-content\/uploads\/2023\/06\/foto-header-aandeelhouderschap-pagina.jpg 1311w, https:\/\/sdm.nl\/wp-content\/uploads\/2023\/06\/foto-header-aandeelhouderschap-pagina-1280x720.jpg 1280w, https:\/\/sdm.nl\/wp-content\/uploads\/2023\/06\/foto-header-aandeelhouderschap-pagina-768x432.jpg 768w\" sizes=\"auto, (max-width: 1311px) 100vw, 1311px\" \/>   <\/div>\n      <div class=\"grid-container h-full\">\n      <div class=\"grid-x grid-margin-x grid-margin-y\">\n         \n            <div class=\"cell large-6 large-order-2\">\n            \n            <\/div>\n                     <div class=\"cell large-6 large-order-1\">\n                                 <h1>Shareholdership<\/h1>\n                                             <div class=\"grid-x\">\n                  <div class=\"large-offset-2 small-offset-1 large-9 small-11  cell\">\n                                                               <\/div>\n               <\/div>\n     \n            <\/div>\n   \n         <\/div>\n      <\/div>\n \n\n    \n        \n<\/section>\n\n\n<section class=\"text-block block\" id=\"\">\n    <div class=\"grid-container\">\n        <div class=\"grid-x grid-margin-x align-center grid-margin-y\">\n                                                            <div class=\"large-5 cell\">\n                                                                        <div class=\"last-child-nbm\">\n                                <h3>Our role as a shareholder<\/h3>\n<p class=\"translation-block\">During World War II, the founders of the illegal newspaper Het Parool had experienced first-hand that journalism is too important to be left to the interests of individual shareholders. That is why, in 1944, they set up their own foundation so that they could continue to publish their newspaper on a non-profit basis after the war. DMF is the legal successor of this foundation.<\/p>\n<p class=\"translation-block\">Our charter prescribes that we promote diverse, opinion-leading media. Today, we do this as co-owners of DPG Media (14.27%) and De Correspondent (10%). As a shareholder, we aim to protect the independence and continuity of journalism in a constructively critical and not-for-profit manner.<\/p>\n                            <\/div>\n                                                \n                    \n                <\/div>\n                <div class=\"large-5 cell\">\n                                            \n                                                    <div class=\"last-child-nbm\">\n                                <h3>DPG Media<\/h3>\n<p>With four national daily newspapers, five regional newspapers and online platform nu.nl, DPG is the largest publisher of journalism in the Netherlands. As a minority shareholder, we always take a committed and constructively critical stance. In doing so, we mainly focus on general operations, strategy and positioning of the various journalism titles. In addition to preference shares, we also have a priority share, which gives us control over the independence and continuity of newspapers Trouw and De Volkskrant <em>Trouw<\/em> and <em>de Volkskrant<\/em>.<\/p>\n<h3>De Correspondent<\/h3>\n<p class=\"translation-block\">To inject a positive boost into journalistic innovation, we invested in De Correspondent in 2014. We endorse the principles and mission of this journalism platform and especially value that they put readers at the heart of the conversation and invite them to share their own knowledge and expertise. Our priority share gives us special control; that way we can safeguard the principles behind the platform. This includes ensuring editorial independence, keeping the platform ad-free and protecting it from profit maximisation.<\/p>\n                            <\/div>\n                        \n                                    <\/div>\n                                  \n        <\/div>\n    <\/div>\n<\/section>\n\n<section class=\"quote-block block\" id=\"\">\n    <div class=\"grid-container\">\n        <div class=\"grid-x grid-margin-x align-center grid-margin-y text-center\">\n                                                                            <div class=\"large-6 cell\">\n                                   \n                   <div class=\"callout quote  bg-light-green\">\n                                                    <h3 class=\"nbm\">\u201cBoth DMF and DPG Media advocate diversity and independence of news coverage. Proper news coverage is crucial to ensuring that our democracy works well. We are united in that interest and strengthen each other in pursuing it.\u201d <\/h3>\n                                                                            <p class=\"tm\">&#8211; Erik Roddenhof, CEO DPG<\/p>\n                                            <\/div>\n               <\/div>\n                                                <div class=\"large-6 cell\">\n                                   \n                   <div class=\"callout quote  bg-light-green\">\n                                                    <h3 class=\"nbm\">\u201cDMF is to De Correspondent what the rule of law is to a democracy \u2013 a defender of the underlying ideals.\u201d <\/h3>\n                                                                            <p class=\"tm\">\u2013 Rob Wijnberg, editor in chief De Correspondent<\/p>\n                                            <\/div>\n               <\/div>\n                         \n\n        <\/div>\n    <\/div>\n<\/section>\n\n\n<section class=\"grid-block block\" id=\"\">\n    <div class=\"grid-container\">\n        <div class=\"grid-x grid-margin-x grid-margin-y align-center\">\n                            <div class=\"large-12 cell\">\n                    \n\n\n    <h3 class=\"alt\">Latest news<\/h3>\n                <\/div>\n                   \n                                                            \t\t\t\t\t<!-- NIEUWS  -->\n                       \n                        \n\t\t\t\t\t\t                 \n                                                    <div class=\"large-12 cell\">\n                                <div class=\"grid-x grid-margin-x grid-margin-y\">\n                                                                \n                                        <div class=\"large-4 cell\">\n                                            \n<a class=\"card card-nieuws\" href=\"https:\/\/sdm.nl\/en\/even-voorstellen-mieke-de-vos-is-ons-nieuwe-hoofd-strategie-en-organisatie\/\">\n\n            <img loading=\"lazy\" decoding=\"async\" width=\"1516\" height=\"1080\" src=\"https:\/\/sdm.nl\/wp-content\/uploads\/SDM_0413_cAnne-van-Zantwijk-vierkant-e1775549676645-1516x1080.jpg\" class=\"image aspect-card wp-post-image\" alt=\"\" srcset=\"https:\/\/sdm.nl\/wp-content\/uploads\/SDM_0413_cAnne-van-Zantwijk-vierkant-e1775549676645-1516x1080.jpg 1516w, https:\/\/sdm.nl\/wp-content\/uploads\/SDM_0413_cAnne-van-Zantwijk-vierkant-e1775549676645-1010x720.jpg 1010w, https:\/\/sdm.nl\/wp-content\/uploads\/SDM_0413_cAnne-van-Zantwijk-vierkant-e1775549676645-768x547.jpg 768w, https:\/\/sdm.nl\/wp-content\/uploads\/SDM_0413_cAnne-van-Zantwijk-vierkant-e1775549676645-1536x1095.jpg 1536w, https:\/\/sdm.nl\/wp-content\/uploads\/SDM_0413_cAnne-van-Zantwijk-vierkant-e1775549676645-18x12.jpg 18w, https:\/\/sdm.nl\/wp-content\/uploads\/SDM_0413_cAnne-van-Zantwijk-vierkant-e1775549676645.jpg 1684w\" sizes=\"auto, (max-width: 1516px) 100vw, 1516px\" \/>    \n    <div class=\"card-section h-full flex-dir-column flex-container\">\n        <div class=\"flex-child-grow\">\n            <h3>Even voorstellen: Mieke de Vos is ons nieuwe Hoofd Strategie en Organisatie<\/h3>\n            <p><\/p>\n        <\/div>\n        <div class=\"flex-child-shrink\">\n\n            <div class=\"text-right\">\n                <span class=\"button arrow\">Read more <svg width=\"9\" height=\"15\" viewbox=\"0 0 9 15\" fill=\"none\" xmlns=\"http:\/\/www.w3.org\/2000\/svg\" >\n    <path d=\"M8.1875 7.5C8.1875 7.66667 8.15625 7.82792 8.09375 7.98375C8.03125 8.14042 7.94792 8.27083 7.84375 8.375L2.09375 14.125C1.86458 14.3542 1.57292 14.4687 1.21875 14.4687C0.864583 14.4687 0.572916 14.3542 0.34375 14.125C0.114583 13.8958 -3.77921e-08 13.6042 -5.32732e-08 13.25C-6.87544e-08 12.8958 0.114583 12.6042 0.343749 12.375L5.21875 7.5L0.343749 2.625C0.114582 2.39583 -5.40473e-07 2.10417 -5.55954e-07 1.75C-5.71435e-07 1.39583 0.114582 1.10417 0.343749 0.875001C0.572916 0.645835 0.864582 0.531249 1.21875 0.531249C1.57292 0.531249 1.86458 0.645835 2.09375 0.875001L7.84375 6.625C7.96875 6.75 8.05708 6.88542 8.10875 7.03125C8.16125 7.17708 8.1875 7.33333 8.1875 7.5Z\" \/>\n<\/svg><\/span>\n            <\/div>\n        <\/div>\n    <\/div>\n\n<\/a>\n                                        <\/div>\n                                                                \n                                        <div class=\"large-4 cell\">\n                                            \n<a class=\"card card-nieuws\" href=\"https:\/\/sdm.nl\/en\/journalistieke-driedaagse-2026-journalistiek-schaakt-op-een-oud-bord-terwijl-anderen-allang-spelen-op-een-nieuw-bord-volgens-nieuwe-regels\/\">\n\n            <img loading=\"lazy\" decoding=\"async\" width=\"1621\" height=\"1080\" src=\"https:\/\/sdm.nl\/wp-content\/uploads\/Driedaagse1-1621x1080.jpg\" class=\"image aspect-card wp-post-image\" alt=\"\" srcset=\"https:\/\/sdm.nl\/wp-content\/uploads\/Driedaagse1-1621x1080.jpg 1621w, https:\/\/sdm.nl\/wp-content\/uploads\/Driedaagse1-1081x720.jpg 1081w, https:\/\/sdm.nl\/wp-content\/uploads\/Driedaagse1-768x512.jpg 768w, https:\/\/sdm.nl\/wp-content\/uploads\/Driedaagse1-1536x1023.jpg 1536w, https:\/\/sdm.nl\/wp-content\/uploads\/Driedaagse1-2048x1364.jpg 2048w, https:\/\/sdm.nl\/wp-content\/uploads\/Driedaagse1-18x12.jpg 18w\" sizes=\"auto, (max-width: 1621px) 100vw, 1621px\" \/>    \n    <div class=\"card-section h-full flex-dir-column flex-container\">\n        <div class=\"flex-child-grow\">\n            <h3>Journalistieke Driedaagse 2026: \u2018Journalistiek schaakt op een oud bord, terwijl anderen allang spelen op een nieuw bord volgens nieuwe regels\u2019<\/h3>\n            <p><\/p>\n        <\/div>\n        <div class=\"flex-child-shrink\">\n\n            <div class=\"text-right\">\n                <span class=\"button arrow\">Read more <svg width=\"9\" height=\"15\" viewbox=\"0 0 9 15\" fill=\"none\" xmlns=\"http:\/\/www.w3.org\/2000\/svg\" >\n    <path d=\"M8.1875 7.5C8.1875 7.66667 8.15625 7.82792 8.09375 7.98375C8.03125 8.14042 7.94792 8.27083 7.84375 8.375L2.09375 14.125C1.86458 14.3542 1.57292 14.4687 1.21875 14.4687C0.864583 14.4687 0.572916 14.3542 0.34375 14.125C0.114583 13.8958 -3.77921e-08 13.6042 -5.32732e-08 13.25C-6.87544e-08 12.8958 0.114583 12.6042 0.343749 12.375L5.21875 7.5L0.343749 2.625C0.114582 2.39583 -5.40473e-07 2.10417 -5.55954e-07 1.75C-5.71435e-07 1.39583 0.114582 1.10417 0.343749 0.875001C0.572916 0.645835 0.864582 0.531249 1.21875 0.531249C1.57292 0.531249 1.86458 0.645835 2.09375 0.875001L7.84375 6.625C7.96875 6.75 8.05708 6.88542 8.10875 7.03125C8.16125 7.17708 8.1875 7.33333 8.1875 7.5Z\" \/>\n<\/svg><\/span>\n            <\/div>\n        <\/div>\n    <\/div>\n\n<\/a>\n                                        <\/div>\n                                                                \n                                        <div class=\"large-4 cell\">\n                                            \n<a class=\"card card-nieuws\" href=\"https:\/\/sdm.nl\/en\/schrijver-en-historicus-ewoud-kieft-het-populistische-verhaal-van-een-volk-met-een-volkswil-is-een-sprookje\/\">\n\n            <img loading=\"lazy\" decoding=\"async\" width=\"1620\" height=\"1080\" src=\"https:\/\/sdm.nl\/wp-content\/uploads\/Ewoud-Kieft-1620x1080.jpg\" class=\"image aspect-card wp-post-image\" alt=\"\" srcset=\"https:\/\/sdm.nl\/wp-content\/uploads\/Ewoud-Kieft-1620x1080.jpg 1620w, https:\/\/sdm.nl\/wp-content\/uploads\/Ewoud-Kieft-1080x720.jpg 1080w, https:\/\/sdm.nl\/wp-content\/uploads\/Ewoud-Kieft-768x512.jpg 768w, https:\/\/sdm.nl\/wp-content\/uploads\/Ewoud-Kieft-1536x1024.jpg 1536w, https:\/\/sdm.nl\/wp-content\/uploads\/Ewoud-Kieft-18x12.jpg 18w, https:\/\/sdm.nl\/wp-content\/uploads\/Ewoud-Kieft.jpg 1800w\" sizes=\"auto, (max-width: 1620px) 100vw, 1620px\" \/>    \n    <div class=\"card-section h-full flex-dir-column flex-container\">\n        <div class=\"flex-child-grow\">\n            <h3>Schrijver en historicus Ewoud Kieft: &#8216;Het populistische verhaal van \u00e9\u00e9n volk met \u00e9\u00e9n volkswil is een sprookje&#8217;<\/h3>\n            <p><\/p>\n        <\/div>\n        <div class=\"flex-child-shrink\">\n\n            <div class=\"text-right\">\n                <span class=\"button arrow\">Read more <svg width=\"9\" height=\"15\" viewbox=\"0 0 9 15\" fill=\"none\" xmlns=\"http:\/\/www.w3.org\/2000\/svg\" >\n    <path d=\"M8.1875 7.5C8.1875 7.66667 8.15625 7.82792 8.09375 7.98375C8.03125 8.14042 7.94792 8.27083 7.84375 8.375L2.09375 14.125C1.86458 14.3542 1.57292 14.4687 1.21875 14.4687C0.864583 14.4687 0.572916 14.3542 0.34375 14.125C0.114583 13.8958 -3.77921e-08 13.6042 -5.32732e-08 13.25C-6.87544e-08 12.8958 0.114583 12.6042 0.343749 12.375L5.21875 7.5L0.343749 2.625C0.114582 2.39583 -5.40473e-07 2.10417 -5.55954e-07 1.75C-5.71435e-07 1.39583 0.114582 1.10417 0.343749 0.875001C0.572916 0.645835 0.864582 0.531249 1.21875 0.531249C1.57292 0.531249 1.86458 0.645835 2.09375 0.875001L7.84375 6.625C7.96875 6.75 8.05708 6.88542 8.10875 7.03125C8.16125 7.17708 8.1875 7.33333 8.1875 7.5Z\" \/>\n<\/svg><\/span>\n            <\/div>\n        <\/div>\n    <\/div>\n\n<\/a>\n                                        <\/div>\n                                                                    <\/div>\n                            <\/div>\n                        \n                    \n                    <div class=\"large-10 cell\">\n                                                \n<div class=\"grid-x grid-margin-x align-center\">\n<div class=\"shrink cell\">\n    <a class=\"button tm         primary\" href=\"http:\/\/sdm.nl\/en\/nieuws\/\" target=\"_self\">All news    \n    \n            <svg width=\"9\" height=\"15\" viewbox=\"0 0 9 15\" fill=\"none\" xmlns=\"http:\/\/www.w3.org\/2000\/svg\" >\n    <path d=\"M8.1875 7.5C8.1875 7.66667 8.15625 7.82792 8.09375 7.98375C8.03125 8.14042 7.94792 8.27083 7.84375 8.375L2.09375 14.125C1.86458 14.3542 1.57292 14.4687 1.21875 14.4687C0.864583 14.4687 0.572916 14.3542 0.34375 14.125C0.114583 13.8958 -3.77921e-08 13.6042 -5.32732e-08 13.25C-6.87544e-08 12.8958 0.114583 12.6042 0.343749 12.375L5.21875 7.5L0.343749 2.625C0.114582 2.39583 -5.40473e-07 2.10417 -5.55954e-07 1.75C-5.71435e-07 1.39583 0.114582 1.10417 0.343749 0.875001C0.572916 0.645835 0.864582 0.531249 1.21875 0.531249C1.57292 0.531249 1.86458 0.645835 2.09375 0.875001L7.84375 6.625C7.96875 6.75 8.05708 6.88542 8.10875 7.03125C8.16125 7.17708 8.1875 7.33333 8.1875 7.5Z\" \/>\n<\/svg>  \n\n    <\/a>\n<\/div>\n<\/div>\n                    <\/div>\n                <\/div>\n            <\/div>\n        <\/div>\n    <\/div>\n<\/section>\n\n\n\n\n\n\n\n\n\n<section class=\"text-block block\" id=\"\">\n    <div class=\"grid-container\">\n        <div class=\"grid-x grid-margin-x align-center grid-margin-y\">\n                                                            <div class=\"large-5 cell\">\n                                                                        <div class=\"last-child-nbm\">\n                                <p>Photography by: Anne van Zantwijk<\/p>\n                            <\/div>\n                                                \n                    \n                <\/div>\n                <div class=\"large-5 cell\">\n                                            \n                        \n                                    <\/div>\n                                  \n        <\/div>\n    <\/div>\n<\/section>","protected":false},"excerpt":{"rendered":"","protected":false},"author":1,"featured_media":1796,"parent":348,"menu_order":0,"comment_status":"closed","ping_status":"closed","template":"","meta":{"_acf_changed":false,"footnotes":""},"class_list":["post-460","page","type-page","status-publish","has-post-thumbnail","hentry"],"acf":[],"yoast_head":"<!-- This site is optimized with the Yoast SEO plugin v27.3 - https:\/\/yoast.com\/product\/yoast-seo-wordpress\/ -->\n<title>Aandeelhouderschap - Stichting Democratie en Media<\/title>\n<meta name=\"robots\" content=\"index, follow, max-snippet:-1, max-image-preview:large, max-video-preview:-1\" \/>\n<link rel=\"canonical\" href=\"https:\/\/sdm.nl\/en\/wat-we-doen\/aandeelhouderschap\/\" \/>\n<meta property=\"og:locale\" content=\"en_GB\" \/>\n<meta property=\"og:type\" content=\"article\" \/>\n<meta property=\"og:title\" content=\"Aandeelhouderschap - Stichting Democratie en Media\" \/>\n<meta property=\"og:url\" content=\"https:\/\/sdm.nl\/en\/wat-we-doen\/aandeelhouderschap\/\" \/>\n<meta property=\"og:site_name\" content=\"Stichting Democratie en Media\" \/>\n<meta property=\"article:modified_time\" content=\"2023-09-21T11:52:44+00:00\" \/>\n<meta property=\"og:image\" content=\"https:\/\/sdm.nl\/wp-content\/uploads\/2023\/06\/foto-header-aandeelhouderschap-pagina.jpg\" \/>\n\t<meta property=\"og:image:width\" content=\"1311\" \/>\n\t<meta property=\"og:image:height\" content=\"737\" \/>\n\t<meta property=\"og:image:type\" content=\"image\/jpeg\" \/>\n<meta name=\"twitter:card\" content=\"summary_large_image\" \/>\n<meta name=\"twitter:site\" content=\"@sdm_online\" \/>\n<script type=\"application\/ld+json\" class=\"yoast-schema-graph\">{\"@context\":\"https:\\\/\\\/schema.org\",\"@graph\":[{\"@type\":\"WebPage\",\"@id\":\"https:\\\/\\\/sdm.nl\\\/wat-we-doen\\\/aandeelhouderschap\\\/\",\"url\":\"https:\\\/\\\/sdm.nl\\\/wat-we-doen\\\/aandeelhouderschap\\\/\",\"name\":\"Aandeelhouderschap - Stichting Democratie en Media\",\"isPartOf\":{\"@id\":\"https:\\\/\\\/sdm.nl\\\/#website\"},\"primaryImageOfPage\":{\"@id\":\"https:\\\/\\\/sdm.nl\\\/wat-we-doen\\\/aandeelhouderschap\\\/#primaryimage\"},\"image\":{\"@id\":\"https:\\\/\\\/sdm.nl\\\/wat-we-doen\\\/aandeelhouderschap\\\/#primaryimage\"},\"thumbnailUrl\":\"https:\\\/\\\/sdm.nl\\\/wp-content\\\/uploads\\\/2023\\\/06\\\/foto-header-aandeelhouderschap-pagina.jpg\",\"datePublished\":\"2023-05-10T09:42:51+00:00\",\"dateModified\":\"2023-09-21T11:52:44+00:00\",\"breadcrumb\":{\"@id\":\"https:\\\/\\\/sdm.nl\\\/wat-we-doen\\\/aandeelhouderschap\\\/#breadcrumb\"},\"inLanguage\":\"en-GB\",\"potentialAction\":[{\"@type\":\"ReadAction\",\"target\":[\"https:\\\/\\\/sdm.nl\\\/wat-we-doen\\\/aandeelhouderschap\\\/\"]}]},{\"@type\":\"ImageObject\",\"inLanguage\":\"en-GB\",\"@id\":\"https:\\\/\\\/sdm.nl\\\/wat-we-doen\\\/aandeelhouderschap\\\/#primaryimage\",\"url\":\"https:\\\/\\\/sdm.nl\\\/wp-content\\\/uploads\\\/2023\\\/06\\\/foto-header-aandeelhouderschap-pagina.jpg\",\"contentUrl\":\"https:\\\/\\\/sdm.nl\\\/wp-content\\\/uploads\\\/2023\\\/06\\\/foto-header-aandeelhouderschap-pagina.jpg\",\"width\":1311,\"height\":737},{\"@type\":\"BreadcrumbList\",\"@id\":\"https:\\\/\\\/sdm.nl\\\/wat-we-doen\\\/aandeelhouderschap\\\/#breadcrumb\",\"itemListElement\":[{\"@type\":\"ListItem\",\"position\":1,\"name\":\"Home\",\"item\":\"https:\\\/\\\/sdm.nl\\\/\"},{\"@type\":\"ListItem\",\"position\":2,\"name\":\"Wat we doen\",\"item\":\"https:\\\/\\\/sdm.nl\\\/wat-we-doen\\\/\"},{\"@type\":\"ListItem\",\"position\":3,\"name\":\"Aandeelhouderschap\"}]},{\"@type\":\"WebSite\",\"@id\":\"https:\\\/\\\/sdm.nl\\\/#website\",\"url\":\"https:\\\/\\\/sdm.nl\\\/\",\"name\":\"Stichting Democratie en Media\",\"description\":\"Omdat onze democratische rechtsstaat en vrije pers nooit vanzelfsprekend zijn.\",\"publisher\":{\"@id\":\"https:\\\/\\\/sdm.nl\\\/#organization\"},\"alternateName\":\"SDM\",\"potentialAction\":[{\"@type\":\"SearchAction\",\"target\":{\"@type\":\"EntryPoint\",\"urlTemplate\":\"https:\\\/\\\/sdm.nl\\\/?s={search_term_string}\"},\"query-input\":{\"@type\":\"PropertyValueSpecification\",\"valueRequired\":true,\"valueName\":\"search_term_string\"}}],\"inLanguage\":\"en-GB\"},{\"@type\":\"Organization\",\"@id\":\"https:\\\/\\\/sdm.nl\\\/#organization\",\"name\":\"Stichting Democratie en Media\",\"url\":\"https:\\\/\\\/sdm.nl\\\/\",\"logo\":{\"@type\":\"ImageObject\",\"inLanguage\":\"en-GB\",\"@id\":\"https:\\\/\\\/sdm.nl\\\/#\\\/schema\\\/logo\\\/image\\\/\",\"url\":\"https:\\\/\\\/sdm.nl\\\/wp-content\\\/uploads\\\/2023\\\/07\\\/SDM-logo-zwart.png\",\"contentUrl\":\"https:\\\/\\\/sdm.nl\\\/wp-content\\\/uploads\\\/2023\\\/07\\\/SDM-logo-zwart.png\",\"width\":828,\"height\":175,\"caption\":\"Stichting Democratie en Media\"},\"image\":{\"@id\":\"https:\\\/\\\/sdm.nl\\\/#\\\/schema\\\/logo\\\/image\\\/\"},\"sameAs\":[\"https:\\\/\\\/x.com\\\/sdm_online\",\"https:\\\/\\\/www.linkedin.com\\\/company\\\/stichting-democratie-en-media\\\/?originalSubdomain=nl\"]}]}<\/script>\n<!-- \/ Yoast SEO plugin. -->","yoast_head_json":{"title":"Aandeelhouderschap - Stichting Democratie en Media","robots":{"index":"index","follow":"follow","max-snippet":"max-snippet:-1","max-image-preview":"max-image-preview:large","max-video-preview":"max-video-preview:-1"},"canonical":"https:\/\/sdm.nl\/en\/wat-we-doen\/aandeelhouderschap\/","og_locale":"en_GB","og_type":"article","og_title":"Aandeelhouderschap - Stichting Democratie en Media","og_url":"https:\/\/sdm.nl\/en\/wat-we-doen\/aandeelhouderschap\/","og_site_name":"Stichting Democratie en Media","article_modified_time":"2023-09-21T11:52:44+00:00","og_image":[{"width":1311,"height":737,"url":"https:\/\/sdm.nl\/wp-content\/uploads\/2023\/06\/foto-header-aandeelhouderschap-pagina.jpg","type":"image\/jpeg"}],"twitter_card":"summary_large_image","twitter_site":"@sdm_online","schema":{"@context":"https:\/\/schema.org","@graph":[{"@type":"WebPage","@id":"https:\/\/sdm.nl\/wat-we-doen\/aandeelhouderschap\/","url":"https:\/\/sdm.nl\/wat-we-doen\/aandeelhouderschap\/","name":"Aandeelhouderschap - Stichting Democratie en Media","isPartOf":{"@id":"https:\/\/sdm.nl\/#website"},"primaryImageOfPage":{"@id":"https:\/\/sdm.nl\/wat-we-doen\/aandeelhouderschap\/#primaryimage"},"image":{"@id":"https:\/\/sdm.nl\/wat-we-doen\/aandeelhouderschap\/#primaryimage"},"thumbnailUrl":"https:\/\/sdm.nl\/wp-content\/uploads\/2023\/06\/foto-header-aandeelhouderschap-pagina.jpg","datePublished":"2023-05-10T09:42:51+00:00","dateModified":"2023-09-21T11:52:44+00:00","breadcrumb":{"@id":"https:\/\/sdm.nl\/wat-we-doen\/aandeelhouderschap\/#breadcrumb"},"inLanguage":"en-GB","potentialAction":[{"@type":"ReadAction","target":["https:\/\/sdm.nl\/wat-we-doen\/aandeelhouderschap\/"]}]},{"@type":"ImageObject","inLanguage":"en-GB","@id":"https:\/\/sdm.nl\/wat-we-doen\/aandeelhouderschap\/#primaryimage","url":"https:\/\/sdm.nl\/wp-content\/uploads\/2023\/06\/foto-header-aandeelhouderschap-pagina.jpg","contentUrl":"https:\/\/sdm.nl\/wp-content\/uploads\/2023\/06\/foto-header-aandeelhouderschap-pagina.jpg","width":1311,"height":737},{"@type":"BreadcrumbList","@id":"https:\/\/sdm.nl\/wat-we-doen\/aandeelhouderschap\/#breadcrumb","itemListElement":[{"@type":"ListItem","position":1,"name":"Home","item":"https:\/\/sdm.nl\/"},{"@type":"ListItem","position":2,"name":"Wat we doen","item":"https:\/\/sdm.nl\/wat-we-doen\/"},{"@type":"ListItem","position":3,"name":"Aandeelhouderschap"}]},{"@type":"WebSite","@id":"https:\/\/sdm.nl\/#website","url":"https:\/\/sdm.nl\/","name":"Democracy and Media Foundation","description":"Because our democratic rule of law and free press can never be taken for granted.","publisher":{"@id":"https:\/\/sdm.nl\/#organization"},"alternateName":"SDM","potentialAction":[{"@type":"SearchAction","target":{"@type":"EntryPoint","urlTemplate":"https:\/\/sdm.nl\/?s={search_term_string}"},"query-input":{"@type":"PropertyValueSpecification","valueRequired":true,"valueName":"search_term_string"}}],"inLanguage":"en-GB"},{"@type":"Organization","@id":"https:\/\/sdm.nl\/#organization","name":"Democracy and Media Foundation","url":"https:\/\/sdm.nl\/","logo":{"@type":"ImageObject","inLanguage":"en-GB","@id":"https:\/\/sdm.nl\/#\/schema\/logo\/image\/","url":"https:\/\/sdm.nl\/wp-content\/uploads\/2023\/07\/SDM-logo-zwart.png","contentUrl":"https:\/\/sdm.nl\/wp-content\/uploads\/2023\/07\/SDM-logo-zwart.png","width":828,"height":175,"caption":"Stichting Democratie en Media"},"image":{"@id":"https:\/\/sdm.nl\/#\/schema\/logo\/image\/"},"sameAs":["https:\/\/x.com\/sdm_online","https:\/\/www.linkedin.com\/company\/stichting-democratie-en-media\/?originalSubdomain=nl"]}]}},"_links":{"self":[{"href":"https:\/\/sdm.nl\/en\/wp-json\/wp\/v2\/pages\/460","targetHints":{"allow":["GET"]}}],"collection":[{"href":"https:\/\/sdm.nl\/en\/wp-json\/wp\/v2\/pages"}],"about":[{"href":"https:\/\/sdm.nl\/en\/wp-json\/wp\/v2\/types\/page"}],"author":[{"embeddable":true,"href":"https:\/\/sdm.nl\/en\/wp-json\/wp\/v2\/users\/1"}],"replies":[{"embeddable":true,"href":"https:\/\/sdm.nl\/en\/wp-json\/wp\/v2\/comments?post=460"}],"version-history":[{"count":14,"href":"https:\/\/sdm.nl\/en\/wp-json\/wp\/v2\/pages\/460\/revisions"}],"predecessor-version":[{"id":2243,"href":"https:\/\/sdm.nl\/en\/wp-json\/wp\/v2\/pages\/460\/revisions\/2243"}],"up":[{"embeddable":true,"href":"https:\/\/sdm.nl\/en\/wp-json\/wp\/v2\/pages\/348"}],"wp:featuredmedia":[{"embeddable":true,"href":"https:\/\/sdm.nl\/en\/wp-json\/wp\/v2\/media\/1796"}],"wp:attachment":[{"href":"https:\/\/sdm.nl\/en\/wp-json\/wp\/v2\/media?parent=460"}],"curies":[{"name":"wp","href":"https:\/\/api.w.org\/{rel}","templated":true}]}}